{"id":10,"date":"2014-09-27T15:25:48","date_gmt":"2014-09-27T14:25:48","guid":{"rendered":"http:\/\/miage-antilles.fr\/?page_id=10"},"modified":"2021-11-11T20:41:19","modified_gmt":"2021-11-11T19:41:19","slug":"accueil","status":"publish","type":"page","link":"http:\/\/miage-antilles.fr\/","title":{"rendered":"Accueil"},"content":{"rendered":"<h2 style=\"text-align: left;\"><strong>Ce site est d\u00e9di\u00e9 \u00e0 la\u00a0<span style=\"color: #0000ff;\">fili\u00e8re MIAGE <a href=\"http:\/\/miage-antilles.fr\/?page_id=17\">en apprentissage<\/a>\u00a0 <\/span>\u00e0<span style=\"color: #000000;\"> l&rsquo;universit\u00e9 des <span style=\"color: #0000ff;\">Antilles\u00a0<\/span><\/span><\/strong><\/h2>\n<h2 style=\"text-align: center;\"><a href=\"http:\/\/miage-antilles.fr\/wp-content\/uploads\/2015\/04\/logo.png\"><img loading=\"lazy\" class=\"alignnone  wp-image-64\" src=\"http:\/\/miage-antilles.fr\/wp-content\/uploads\/2015\/04\/logo-300x245.png\" alt=\"logo\" width=\"120\" height=\"98\" srcset=\"http:\/\/miage-antilles.fr\/wp-content\/uploads\/2015\/04\/logo-300x245.png 300w, http:\/\/miage-antilles.fr\/wp-content\/uploads\/2015\/04\/logo.png 559w\" sizes=\"(max-width: 120px) 100vw, 120px\" \/><\/a>\u00a0\u00a0\u00a0 \u00a0<a href=\"http:\/\/miage-antilles.fr\/wp-content\/uploads\/2014\/09\/UA_logoCMJN_Corporate.jpg\"><img loading=\"lazy\" class=\"alignnone  wp-image-933\" src=\"http:\/\/miage-antilles.fr\/wp-content\/uploads\/2014\/09\/UA_logoCMJN_Corporate-300x279.jpg\" alt=\"UA_logoCMJN_Corporate\" width=\"117\" height=\"109\" srcset=\"http:\/\/miage-antilles.fr\/wp-content\/uploads\/2014\/09\/UA_logoCMJN_Corporate-300x279.jpg 300w, http:\/\/miage-antilles.fr\/wp-content\/uploads\/2014\/09\/UA_logoCMJN_Corporate-1024x955.jpg 1024w, http:\/\/miage-antilles.fr\/wp-content\/uploads\/2014\/09\/UA_logoCMJN_Corporate-660x615.jpg 660w, http:\/\/miage-antilles.fr\/wp-content\/uploads\/2014\/09\/UA_logoCMJN_Corporate.jpg 1799w\" sizes=\"(max-width: 117px) 100vw, 117px\" \/><\/a>\u00a0 <a href=\"http:\/\/miage-antilles.fr\/wp-content\/uploads\/2021\/11\/GRETA-CFA-Gpe-Ptt.png\"><img loading=\"lazy\" class=\"alignnone size-full wp-image-1136\" src=\"http:\/\/miage-antilles.fr\/wp-content\/uploads\/2021\/11\/GRETA-CFA-Gpe-Ptt.png\" alt=\"\" width=\"340\" height=\"122\" srcset=\"http:\/\/miage-antilles.fr\/wp-content\/uploads\/2021\/11\/GRETA-CFA-Gpe-Ptt.png 340w, http:\/\/miage-antilles.fr\/wp-content\/uploads\/2021\/11\/GRETA-CFA-Gpe-Ptt-300x108.png 300w\" sizes=\"(max-width: 340px) 100vw, 340px\" \/><\/a><\/h2>\n<p>Il est pr\u00e9sent\u00e9 sur cette page sous forme de questions, r\u00e9ponses et liens vers les autres pages du site.<\/p>\n<p>&#8211; <span style=\"color: #0000ff;\"><strong>Que signifie l&rsquo;acronyme MIAGE<\/strong>?<\/span><\/p>\n<p><strong>M<\/strong>\u00e9thodes <strong>I<\/strong>nformatiques <strong>A<\/strong>ppliqu\u00e9es \u00e0 la <strong>G<\/strong>estion des <strong>E<\/strong>ntreprises<\/p>\n<p>&#8211; <span style=\"color: #0000ff;\"><strong>Depuis quand la MIAGE existe-t-elle aux Antilles<\/strong>?<\/span><\/p>\n<p>Trois ann\u00e9es d&rsquo;\u00e9tudes :\u00a0Licence 3\u00e8me ann\u00e9e et Master qui forment des <strong>cadres sp\u00e9cialis\u00e9s dans l\u2019ing\u00e9nierie des syst\u00e8mes d\u2019information et de d\u00e9cision des entreprises<\/strong><\/p>\n<p><a href=\"http:\/\/miage-antilles.fr\/wp-content\/uploads\/2016\/02\/filiere.png\"><img loading=\"lazy\" class=\"alignnone size-medium wp-image-485\" src=\"http:\/\/miage-antilles.fr\/wp-content\/uploads\/2016\/02\/filiere-300x164.png\" alt=\"filiere\" width=\"300\" height=\"164\" srcset=\"http:\/\/miage-antilles.fr\/wp-content\/uploads\/2016\/02\/filiere-300x164.png 300w, http:\/\/miage-antilles.fr\/wp-content\/uploads\/2016\/02\/filiere.png 582w\" sizes=\"(max-width: 300px) 100vw, 300px\" \/><\/a><\/p>\n<p style=\"text-align: left;\">pour plus de d\u00e9tails, lire\u00a0la page <a href=\"http:\/\/miage-antilles.fr\/?page_id=6\"><strong>Fili\u00e8re MIAGE<\/strong><\/a><\/p>\n<p>&#8211; <span style=\"color: #0000ff;\"><strong>Quelle est la visibilit\u00e9 des fili\u00e8res MIAGE et du dipl\u00f4me\u00a0de master MIAGE<\/strong>?<\/span><\/p>\n<p>La fili\u00e8re sur le\u00a0territoire\u00a0national est\u00a0organis\u00e9e en un\u00a0<span style=\"color: #339966;\"><strong><a style=\"color: #339966;\" href=\"http:\/\/www.miage.ups-tlse.fr\/candemiage\/bienvenue.html\">r\u00e9seau<\/a><\/strong>\u00a0<strong>de 20 MIAGEs<\/strong> <\/span>avec une <strong style=\"color: #339966;\">commission p\u00e9dagogique nationale<\/strong>\u00a0et une <strong><span style=\"color: #339966;\">conf\u00e9rence<\/span><\/strong>\u00a0<span style=\"color: #339966;\"><strong>des directeurs\u00a0<\/strong><\/span><\/p>\n<p><a href=\"http:\/\/miage-antilles.fr\/wp-content\/uploads\/2014\/09\/r\u00e9seau.png\"><img loading=\"lazy\" class=\"alignnone size-medium wp-image-234\" src=\"http:\/\/miage-antilles.fr\/wp-content\/uploads\/2014\/09\/r\u00e9seau-300x158.png\" alt=\"r\u00e9seau\" width=\"300\" height=\"158\" srcset=\"http:\/\/miage-antilles.fr\/wp-content\/uploads\/2014\/09\/r\u00e9seau-300x158.png 300w, http:\/\/miage-antilles.fr\/wp-content\/uploads\/2014\/09\/r\u00e9seau-660x348.png 660w, http:\/\/miage-antilles.fr\/wp-content\/uploads\/2014\/09\/r\u00e9seau.png 799w\" sizes=\"(max-width: 300px) 100vw, 300px\" \/><\/a><\/p>\n<p>et\u00a0une <strong><span style=\"color: #339966;\"><a style=\"color: #339966;\" href=\"http:\/\/www.miage.net\/\">f\u00e9d\u00e9ration nationale des \u00e9tudiants et dipl\u00f4m\u00e9s<\/a><\/span>.<\/strong><\/p>\n<p>Depuis leur cr\u00e9ation en 1970, les MIAGE se sont associ\u00e9es, en proposant des approches innovantes, \u00e0 toutes les grandes orientations des formations universitaires.<\/p>\n<p>Depuis 2000, la fili\u00e8re MIAGE s\u2019ins\u00e8re dans le sch\u00e9ma d\u2019harmonisation universitaire europ\u00e9en LMD (Licence Master Doctorat).<\/p>\n<p>La fili\u00e8re d\u00e9livre <strong><span style=\"color: #339966;\">un dipl\u00f4me de niveau bac +5<\/span><\/strong> : <strong><span style=\"color: #339966;\">Master mention MIAGE<\/span><\/strong><\/p>\n<p>Le dipl\u00f4me de Master MIAGE est r\u00e9guli\u00e8rement pl\u00e9biscit\u00e9 dans la presse<br \/>\n(<a href=\"https:\/\/www.miage.net\/miage-presse\/\">voir articles sur la MIAGE dans la presse<\/a>).<\/p>\n<p>&#8211;<span style=\"color: #0000ff;\"><strong>\u00a0Qui peut acc\u00e9der \u00e0 la L3 parcours MIAGE et au\u00a0master MIAGE?<\/strong><\/span><\/p>\n<p>** L3 parcours MIAGE : titulaires d&rsquo;un dipl\u00f4me\u00a0Bac +2 en informatique ou en gestion ou d&rsquo;un dipl\u00f4me \u00e9quivalent (2\u00e8me ann\u00e9e de licence (L2), DUT, BTS, CPGE&#8230;)<\/p>\n<p>** Master (M1)\u00a01\u00e8re ann\u00e9e : titulaires\u00a0d&rsquo;une Licence Informatique Parcours MIAGE\u00a0ou d&rsquo;une\u00a0formation\u00a0\u00e9quivalente bas\u00e9e sur l\u2019informatique, les syst\u00e8mes d\u2019information et la gestion des organisations.<\/p>\n<p>** Master 2\u00e8me\u00a0ann\u00e9e (M2) : titulaires\u00a0d&rsquo;un master 1\u00e8re ann\u00e9e MIAGE ou\u00a0d&rsquo;une\u00a0formation\u00a0\u00e9quivalente bas\u00e9e sur l\u2019informatique, les syst\u00e8mes d\u2019information et la gestion des organisations.<\/p>\n<p>&#8211;<span style=\"color: #0000ff;\"> <strong>Pourquoi cr\u00e9er une fili\u00e8re MIAGE aux Antilles<\/strong>?<\/span><\/p>\n<p>** pour offrir une formation tr\u00e8s professionnalisante en Informatique et Gestion et un dipl\u00f4me reconnu nationalement.<\/p>\n<p>** pour favoriser l&rsquo;insertion professionnelle des jeunes dipl\u00f4m\u00e9s.<\/p>\n<p>** pour r\u00e9pondre aux attentes des entreprises du territoire en mati\u00e8re informatique.<\/p>\n<p>&#8211; <span style=\"color: #0000ff;\">En quoi consiste la<strong>\u00a0cr\u00e9ation de la\u00a0MIAGE des Antilles?<\/strong><\/span><\/p>\n<p>** <strong>en\u00a0septembre 2018<\/strong>\u00a0: le\u00a0<strong><span style=\"color: #339966;\">L3 Informatique parcours MIAGE <\/span><\/strong><span style=\"color: #000000;\">et<\/span><strong><span style=\"color: #339966;\"> le\u00a0<\/span><\/strong><strong><span style=\"color: #339966;\">master MIAGE<\/span><\/strong>\u00a0<span style=\"color: #339966;\"><strong>1\u00e8re ann\u00e9e<\/strong><\/span>\u00a0<strong><span style=\"color: #339966;\">et 2\u00e8me ann\u00e9e<\/span><\/strong>\u00a0ont \u00e9t\u00e9 accr\u00e9dit\u00e9s et pleinement\u00a0<span style=\"color: #339966;\"><span style=\"color: #000000;\">ouverts<strong>\u00a0<\/strong>en apprentissage\u00a0<strong>\u00e0 l&rsquo;Universit\u00e9 des Antilles<\/strong><\/span><\/span><\/p>\n<p><strong>De septembre 2015 \u00e0 2018<\/strong>, la fili\u00e8re MIAGE\u00a0\u00e9tait ouverte\u00a0<strong>\u00e0 l&rsquo;Universit\u00e9 des Antilles <\/strong>en partenariat avec <strong>l&rsquo;Universit\u00e9 de Toulouse<\/strong><\/p>\n<p>&#8211; <span style=\"color: #0000ff;\"><strong>Quels m\u00e9tiers apr\u00e8s un master\u00a0 MIAGE?<\/strong><\/span><\/p>\n<p><span style=\"color: #339966;\"><strong>Plus de 20 emplois m\u00e9tiers sont envisageables<\/strong><\/span>, r\u00e9partis en trois cat\u00e9gories, acc\u00e8s direct OU apr\u00e8s exp\u00e9rience de trois \u00e0 cinq ans, selon la nomenclature du <a href=\"http:\/\/www.cigref.fr\/\">CIGREF<\/a>.<\/p>\n<p>Par exemple,<\/p>\n<p>** <strong><span style=\"color: #339966;\">Des m\u00e9tiers de l\u2019\u00e9tude et du d\u00e9veloppement<\/span> <\/strong>: d\u00e9veloppeur, ing\u00e9nieur d\u2019\u00e9tudes et d\u00e9veloppement, int\u00e9grateur d\u2019applications&#8230;<\/p>\n<p>** <strong><span style=\"color: #339966;\">Des m\u00e9tiers de l\u2019encadrement<\/span><\/strong> : chef de projet, directeur de projet, ma\u00eetre d\u2019ouvrage, DSI&#8230;<\/p>\n<p>** <strong><span style=\"color: #339966;\">Des m\u00e9tiers de l\u2019ing\u00e9nierie des syst\u00e8mes d\u2019information<\/span><\/strong> :\u00a0architecte de SI, urbaniste de SI, administrateur\u00a0de bases de donn\u00e9es&#8230;<\/p>\n<p>** <strong><span style=\"color: #339966;\">Des m\u00e9tiers d\u2019expertise<\/span><\/strong> : ing\u00e9nieur en d\u00e9cisionnel, data scientist,\u00a0expert en technologies des syst\u00e8mes d\u00e9cisionnels,\u00a0contr\u00f4leur de gestion, consultant et auditeur\u00a0en syst\u00e8mes d\u2019information, e-business ou conduite du changement,\u00a0responsable qualit\u00e9&#8230;<\/p>\n","protected":false},"excerpt":{"rendered":"<p>Ce site est d\u00e9di\u00e9 \u00e0 la\u00a0fili\u00e8re MIAGE en apprentissage\u00a0 \u00e0 l&rsquo;universit\u00e9 des Antilles\u00a0 \u00a0\u00a0\u00a0 \u00a0\u00a0 Il est pr\u00e9sent\u00e9 sur cette page sous forme de questions, r\u00e9ponses et liens vers les autres pages du site. &#8211; Que signifie l&rsquo;acronyme MIAGE? M\u00e9thodes Informatiques Appliqu\u00e9es \u00e0 la Gestion des Entreprises &#8211; Depuis quand la MIAGE existe-t-elle aux Antilles?\u2026 <span class=\"read-more\"><a href=\"http:\/\/miage-antilles.fr\/\">Read More &raquo;<\/a><\/span><\/p>\n","protected":false},"author":1,"featured_media":0,"parent":0,"menu_order":1,"comment_status":"closed","ping_status":"open","template":"","meta":[],"_links":{"self":[{"href":"http:\/\/miage-antilles.fr\/index.php?rest_route=\/wp\/v2\/pages\/10"}],"collection":[{"href":"http:\/\/miage-antilles.fr\/index.php?rest_route=\/wp\/v2\/pages"}],"about":[{"href":"http:\/\/miage-antilles.fr\/index.php?rest_route=\/wp\/v2\/types\/page"}],"author":[{"embeddable":true,"href":"http:\/\/miage-antilles.fr\/index.php?rest_route=\/wp\/v2\/users\/1"}],"replies":[{"embeddable":true,"href":"http:\/\/miage-antilles.fr\/index.php?rest_route=%2Fwp%2Fv2%2Fcomments&post=10"}],"version-history":[{"count":75,"href":"http:\/\/miage-antilles.fr\/index.php?rest_route=\/wp\/v2\/pages\/10\/revisions"}],"predecessor-version":[{"id":1147,"href":"http:\/\/miage-antilles.fr\/index.php?rest_route=\/wp\/v2\/pages\/10\/revisions\/1147"}],"wp:attachment":[{"href":"http:\/\/miage-antilles.fr\/index.php?rest_route=%2Fwp%2Fv2%2Fmedia&parent=10"}],"curies":[{"name":"wp","href":"https:\/\/api.w.org\/{rel}","templated":true}]}}